{"id":8255,"date":"2023-11-26T11:35:33","date_gmt":"2023-11-26T11:35:33","guid":{"rendered":"https:\/\/esv-muenchen-badminton.de\/?page_id=8255"},"modified":"2023-11-26T11:48:58","modified_gmt":"2023-11-26T11:48:58","slug":"sponsoren-partner","status":"publish","type":"page","link":"https:\/\/esv-muenchen-badminton.de\/en\/sponsoren-partner\/","title":{"rendered":"Sponsoren &#038; Partner"},"content":{"rendered":"<style>.elementor-8255 .elementor-element.elementor-element-3d8bfd6a:not(.elementor-motion-effects-element-type-background), .elementor-8255 .elementor-element.elementor-element-3d8bfd6a > .elementor-motion-effects-container > .elementor-motion-effects-layer{background-image:url(\"https:\/\/esv-muenchen-badminton.de\/wp-content\/uploads\/2022\/05\/Dennis-10-scaled.jpg\");background-position:0px 100%;background-repeat:no-repeat;background-size:cover;}.elementor-8255 .elementor-element.elementor-element-3d8bfd6a > .elementor-background-overlay{background-color:transparent;background-image:linear-gradient(130deg, #000000 49%, #0D1301D1 34%);opacity:0.65;transition:background 0.3s, border-radius 0.3s, opacity 0.3s;}.elementor-8255 .elementor-element.elementor-element-3d8bfd6a{transition:background 0.3s, border 0.3s, border-radius 0.3s, box-shadow 0.3s;padding:200px 0px 140px 0px;z-index:0;}.elementor-8255 .elementor-element.elementor-element-6d32b0ce{text-align:center;}.elementor-8255 .elementor-element.elementor-element-6d32b0ce .elementor-heading-title{font-family:\"Oswald\", Sans-serif;font-size:40px;font-weight:600;text-transform:uppercase;font-style:italic;line-height:1.2em;letter-spacing:1.3px;color:#FFFFFF;}.elementor-8255 .elementor-element.elementor-element-8396eaf{text-align:center;font-size:22px;}@media(max-width:1024px){.elementor-8255 .elementor-element.elementor-element-3d8bfd6a:not(.elementor-motion-effects-element-type-background), .elementor-8255 .elementor-element.elementor-element-3d8bfd6a > .elementor-motion-effects-container > .elementor-motion-effects-layer{background-position:center center;}.elementor-8255 .elementor-element.elementor-element-3d8bfd6a{margin-top:0px;margin-bottom:0px;padding:210px 0px 140px 0px;}}@media(max-width:767px){.elementor-8255 .elementor-element.elementor-element-3d8bfd6a{margin-top:0px;margin-bottom:0px;padding:152px 10px 80px 10px;}.elementor-8255 .elementor-element.elementor-element-6d32b0ce .elementor-heading-title{font-size:24px;}}<\/style>\t\t<div data-elementor-type=\"wp-page\" data-elementor-id=\"8255\" class=\"elementor elementor-8255\" data-elementor-post-type=\"page\">\n\t\t\t\t\t\t<section class=\"elementor-section elementor-top-section elementor-element elementor-element-3d8bfd6a elementor-section-boxed elementor-section-height-default elementor-section-height-default\" data-id=\"3d8bfd6a\" data-element_type=\"section\" data-e-type=\"section\" data-settings=\"{&quot;background_background&quot;:&quot;classic&quot;}\">\n\t\t\t\t\t\t\t<div class=\"elementor-background-overlay\"><\/div>\n\t\t\t\t\t\t\t<div class=\"elementor-container elementor-column-gap-default\">\n\t\t\t\t\t<div class=\"elementor-column elementor-col-100 elementor-top-column elementor-element elementor-element-1866cd18\" data-id=\"1866cd18\" data-element_type=\"column\" data-e-type=\"column\">\n\t\t\t<div class=\"elementor-widget-wrap elementor-element-populated\">\n\t\t\t\t\t\t<div class=\"elementor-element elementor-element-6d32b0ce elementor-widget elementor-widget-heading\" data-id=\"6d32b0ce\" data-element_type=\"widget\" data-e-type=\"widget\" data-widget_type=\"heading.default\">\n\t\t\t\t<div class=\"elementor-widget-container\">\n\t\t\t\t\t<h2 class=\"elementor-heading-title elementor-size-default\">Sponsoren &amp; Partner<\/h2>\t\t\t\t<\/div>\n\t\t\t\t<\/div>\n\t\t\t\t\t<\/div>\n\t\t<\/div>\n\t\t\t\t\t<\/div>\n\t\t<\/section>\n\t\t\t\t<section class=\"elementor-section elementor-top-section elementor-element elementor-element-b719ddf elementor-section-boxed elementor-section-height-default elementor-section-height-default\" data-id=\"b719ddf\" data-element_type=\"section\" data-e-type=\"section\">\n\t\t\t\t\t\t<div class=\"elementor-container elementor-column-gap-default\">\n\t\t\t\t\t<div class=\"elementor-column elementor-col-100 elementor-top-column elementor-element elementor-element-62ba1ba\" data-id=\"62ba1ba\" data-element_type=\"column\" data-e-type=\"column\">\n\t\t\t<div class=\"elementor-widget-wrap elementor-element-populated\">\n\t\t\t\t\t\t\t<\/div>\n\t\t<\/div>\n\t\t\t\t\t<\/div>\n\t\t<\/section>\n\t\t\t\t<section class=\"elementor-section elementor-top-section elementor-element elementor-element-87424af elementor-section-boxed elementor-section-height-default elementor-section-height-default\" data-id=\"87424af\" data-element_type=\"section\" data-e-type=\"section\">\n\t\t\t\t\t\t<div class=\"elementor-container elementor-column-gap-default\">\n\t\t\t\t\t<div class=\"elementor-column elementor-col-100 elementor-top-column elementor-element elementor-element-425b6ee\" data-id=\"425b6ee\" data-element_type=\"column\" data-e-type=\"column\">\n\t\t\t<div class=\"elementor-widget-wrap elementor-element-populated\">\n\t\t\t\t\t\t<div class=\"elementor-element elementor-element-8396eaf elementor-widget elementor-widget-text-editor\" data-id=\"8396eaf\" data-element_type=\"widget\" data-e-type=\"widget\" data-widget_type=\"text-editor.default\">\n\t\t\t\t<div class=\"elementor-widget-container\">\n\t\t\t\t\t\t\t\t\t<p><strong>Wir bedanken uns herzlichst f\u00fcr die Unterst\u00fctzung unserer Ausr\u00fcster, Sponsoren und Kooperationspartner!<\/strong><\/p>\t\t\t\t\t\t\t\t<\/div>\n\t\t\t\t<\/div>\n\t\t\t\t\t<\/div>\n\t\t<\/div>\n\t\t\t\t\t<\/div>\n\t\t<\/section>\n\t\t\t\t<section class=\"elementor-section elementor-top-section elementor-element elementor-element-afdbc8d elementor-section-boxed elementor-section-height-default elementor-section-height-default\" data-id=\"afdbc8d\" data-element_type=\"section\" data-e-type=\"section\">\n\t\t\t\t\t\t<div class=\"elementor-container elementor-column-gap-default\">\n\t\t\t\t\t<div class=\"elementor-column elementor-col-100 elementor-top-column elementor-element elementor-element-dac8e10\" data-id=\"dac8e10\" data-element_type=\"column\" data-e-type=\"column\">\n\t\t\t<div class=\"elementor-widget-wrap elementor-element-populated\">\n\t\t\t\t\t\t\t<\/div>\n\t\t<\/div>\n\t\t\t\t\t<\/div>\n\t\t<\/section>\n\t\t\t\t<section class=\"elementor-section elementor-top-section elementor-element elementor-element-bbdf1e6 elementor-section-boxed elementor-section-height-default elementor-section-height-default\" data-id=\"bbdf1e6\" data-element_type=\"section\" data-e-type=\"section\">\n\t\t\t\t\t\t<div class=\"elementor-container elementor-column-gap-default\">\n\t\t\t\t\t<div class=\"elementor-column elementor-col-33 elementor-top-column elementor-element elementor-element-0fc9cf1\" data-id=\"0fc9cf1\" data-element_type=\"column\" data-e-type=\"column\">\n\t\t\t<div class=\"elementor-widget-wrap elementor-element-populated\">\n\t\t\t\t\t\t<div class=\"elementor-element elementor-element-8d405b7 elementor-widget elementor-widget-image\" data-id=\"8d405b7\" data-element_type=\"widget\" data-e-type=\"widget\" data-widget_type=\"image.default\">\n\t\t\t\t<div class=\"elementor-widget-container\">\n\t\t\t\t\t\t\t\t\t\t\t\t\t\t\t\t<a href=\"https:\/\/li-ning.de\/\" target=\"_blank\">\n\t\t\t\t\t\t\t<img fetchpriority=\"high\" decoding=\"async\" width=\"450\" height=\"450\" src=\"https:\/\/esv-muenchen-badminton.de\/wp-content\/uploads\/2023\/11\/edcddb_cd77c1c1115849fb90a2381ef5add618mv2.jpg\" class=\"attachment-large size-large wp-image-8257\" alt=\"\" srcset=\"https:\/\/esv-muenchen-badminton.de\/wp-content\/uploads\/2023\/11\/edcddb_cd77c1c1115849fb90a2381ef5add618mv2.jpg 450w, https:\/\/esv-muenchen-badminton.de\/wp-content\/uploads\/2023\/11\/edcddb_cd77c1c1115849fb90a2381ef5add618mv2-300x300.jpg 300w, https:\/\/esv-muenchen-badminton.de\/wp-content\/uploads\/2023\/11\/edcddb_cd77c1c1115849fb90a2381ef5add618mv2-150x150.jpg 150w, https:\/\/esv-muenchen-badminton.de\/wp-content\/uploads\/2023\/11\/edcddb_cd77c1c1115849fb90a2381ef5add618mv2-12x12.jpg 12w\" sizes=\"(max-width: 450px) 100vw, 450px\" \/>\t\t\t\t\t\t\t\t<\/a>\n\t\t\t\t\t\t\t\t\t\t\t\t\t\t\t<\/div>\n\t\t\t\t<\/div>\n\t\t\t\t\t<\/div>\n\t\t<\/div>\n\t\t\t\t<div class=\"elementor-column elementor-col-33 elementor-top-column elementor-element elementor-element-6813bf2\" data-id=\"6813bf2\" data-element_type=\"column\" data-e-type=\"column\">\n\t\t\t<div class=\"elementor-widget-wrap\">\n\t\t\t\t\t\t\t<\/div>\n\t\t<\/div>\n\t\t\t\t<div class=\"elementor-column elementor-col-33 elementor-top-column elementor-element elementor-element-950bdbf\" data-id=\"950bdbf\" data-element_type=\"column\" data-e-type=\"column\">\n\t\t\t<div class=\"elementor-widget-wrap\">\n\t\t\t\t\t\t\t<\/div>\n\t\t<\/div>\n\t\t\t\t\t<\/div>\n\t\t<\/section>\n\t\t\t\t<section class=\"elementor-section elementor-top-section elementor-element elementor-element-28b09bf elementor-section-boxed elementor-section-height-default elementor-section-height-default\" data-id=\"28b09bf\" data-element_type=\"section\" data-e-type=\"section\">\n\t\t\t\t\t\t<div class=\"elementor-container elementor-column-gap-default\">\n\t\t\t\t\t<div class=\"elementor-column elementor-col-100 elementor-top-column elementor-element elementor-element-9f14272\" data-id=\"9f14272\" data-element_type=\"column\" data-e-type=\"column\">\n\t\t\t<div class=\"elementor-widget-wrap elementor-element-populated\">\n\t\t\t\t\t\t\t<\/div>\n\t\t<\/div>\n\t\t\t\t\t<\/div>\n\t\t<\/section>\n\t\t\t\t<section class=\"elementor-section elementor-top-section elementor-element elementor-element-dc76741 elementor-section-boxed elementor-section-height-default elementor-section-height-default\" data-id=\"dc76741\" data-element_type=\"section\" data-e-type=\"section\">\n\t\t\t\t\t\t<div class=\"elementor-container elementor-column-gap-default\">\n\t\t\t\t\t<div class=\"elementor-column elementor-col-100 elementor-top-column elementor-element elementor-element-d7725fe\" data-id=\"d7725fe\" data-element_type=\"column\" data-e-type=\"column\">\n\t\t\t<div class=\"elementor-widget-wrap elementor-element-populated\">\n\t\t\t\t\t\t<div class=\"elementor-element elementor-element-9927b27 elementor-widget elementor-widget-text-editor\" data-id=\"9927b27\" data-element_type=\"widget\" data-e-type=\"widget\" data-widget_type=\"text-editor.default\">\n\t\t\t\t<div class=\"elementor-widget-container\">\n\t\t\t\t\t\t\t\t\t<p>F\u00fcr weitere Partnerschaften sind wir immer offen. Einfach unter info@esv-badminton-muenchen.de melden.<\/p>\t\t\t\t\t\t\t\t<\/div>\n\t\t\t\t<\/div>\n\t\t\t\t\t<\/div>\n\t\t<\/div>\n\t\t\t\t\t<\/div>\n\t\t<\/section>\n\t\t\t\t<\/div>","protected":false},"excerpt":{"rendered":"<p>Sponsoren &amp; Partner Wir bedanken uns herzlichst f\u00fcr die Unterst\u00fctzung unserer Ausr\u00fcster, Sponsoren und Kooperationspartner! F\u00fcr weitere Partnerschaften sind wir immer offen. Einfach unter info@esv-badminton-muenchen.de melden.<\/p>","protected":false},"author":8,"featured_media":0,"parent":0,"menu_order":0,"comment_status":"closed","ping_status":"closed","template":"elementor_header_footer","meta":{"footnotes":""},"class_list":["post-8255","page","type-page","status-publish","hentry"],"_links":{"self":[{"href":"https:\/\/esv-muenchen-badminton.de\/en\/wp-json\/wp\/v2\/pages\/8255","targetHints":{"allow":["GET"]}}],"collection":[{"href":"https:\/\/esv-muenchen-badminton.de\/en\/wp-json\/wp\/v2\/pages"}],"about":[{"href":"https:\/\/esv-muenchen-badminton.de\/en\/wp-json\/wp\/v2\/types\/page"}],"author":[{"embeddable":true,"href":"https:\/\/esv-muenchen-badminton.de\/en\/wp-json\/wp\/v2\/users\/8"}],"replies":[{"embeddable":true,"href":"https:\/\/esv-muenchen-badminton.de\/en\/wp-json\/wp\/v2\/comments?post=8255"}],"version-history":[{"count":25,"href":"https:\/\/esv-muenchen-badminton.de\/en\/wp-json\/wp\/v2\/pages\/8255\/revisions"}],"predecessor-version":[{"id":8282,"href":"https:\/\/esv-muenchen-badminton.de\/en\/wp-json\/wp\/v2\/pages\/8255\/revisions\/8282"}],"wp:attachment":[{"href":"https:\/\/esv-muenchen-badminton.de\/en\/wp-json\/wp\/v2\/media?parent=8255"}],"curies":[{"name":"wp","href":"https:\/\/api.w.org\/{rel}","templated":true}]}}