{"id":7243,"date":"2022-05-15T16:03:50","date_gmt":"2022-05-15T16:03:50","guid":{"rendered":"https:\/\/esv-muenchen-badminton.de\/?page_id=7243"},"modified":"2025-01-07T22:56:21","modified_gmt":"2025-01-07T22:56:21","slug":"schueler-jugend","status":"publish","type":"page","link":"https:\/\/esv-muenchen-badminton.de\/en\/schueler-jugend\/","title":{"rendered":"Sch\u00fcler &#038; Jugend"},"content":{"rendered":"<style>.elementor-7243 .elementor-element.elementor-element-311972f:not(.elementor-motion-effects-element-type-background), .elementor-7243 .elementor-element.elementor-element-311972f > .elementor-motion-effects-container > .elementor-motion-effects-layer{background-image:url(\"https:\/\/esv-muenchen-badminton.de\/wp-content\/uploads\/2021\/07\/image00027-scaled.jpeg\");background-position:0px 100%;background-repeat:no-repeat;background-size:cover;}.elementor-7243 .elementor-element.elementor-element-311972f > .elementor-background-overlay{background-color:transparent;background-image:linear-gradient(130deg, #000000 49%, #0D1301D1 34%);opacity:0.65;transition:background 0.3s, border-radius 0.3s, opacity 0.3s;}.elementor-7243 .elementor-element.elementor-element-311972f{transition:background 0.3s, border 0.3s, border-radius 0.3s, box-shadow 0.3s;padding:200px 0px 140px 0px;z-index:0;}.elementor-7243 .elementor-element.elementor-element-f1076fb{text-align:center;}.elementor-7243 .elementor-element.elementor-element-f1076fb .elementor-heading-title{font-family:\"Oswald\", Sans-serif;font-size:40px;font-weight:600;text-transform:uppercase;font-style:italic;line-height:1.2em;letter-spacing:1.3px;color:#FFFFFF;}.elementor-7243 .elementor-element.elementor-element-53d69da{margin-top:41px;margin-bottom:41px;}.elementor-7243 .elementor-element.elementor-element-1443233{--e-image-carousel-slides-to-show:1;}.elementor-7243 .elementor-element.elementor-element-1443233 .elementor-swiper-button.elementor-swiper-button-prev, .elementor-7243 .elementor-element.elementor-element-1443233 .elementor-swiper-button.elementor-swiper-button-next{font-size:0px;}@media(max-width:1024px){.elementor-7243 .elementor-element.elementor-element-311972f:not(.elementor-motion-effects-element-type-background), .elementor-7243 .elementor-element.elementor-element-311972f > .elementor-motion-effects-container > .elementor-motion-effects-layer{background-position:45% 34%;}.elementor-7243 .elementor-element.elementor-element-311972f{margin-top:0px;margin-bottom:0px;padding:210px 0px 140px 0px;}}@media(max-width:767px){.elementor-7243 .elementor-element.elementor-element-311972f:not(.elementor-motion-effects-element-type-background), .elementor-7243 .elementor-element.elementor-element-311972f > .elementor-motion-effects-container > .elementor-motion-effects-layer{background-position:-20px 50px;}.elementor-7243 .elementor-element.elementor-element-311972f{margin-top:0px;margin-bottom:0px;padding:152px 10px 80px 10px;}.elementor-7243 .elementor-element.elementor-element-f1076fb .elementor-heading-title{font-size:24px;}}<\/style>\t\t<div data-elementor-type=\"wp-page\" data-elementor-id=\"7243\" class=\"elementor elementor-7243\" data-elementor-post-type=\"page\">\n\t\t\t\t\t\t<section class=\"elementor-section elementor-top-section elementor-element elementor-element-311972f elementor-section-boxed elementor-section-height-default elementor-section-height-default\" data-id=\"311972f\" data-element_type=\"section\" data-e-type=\"section\" data-settings=\"{&quot;background_background&quot;:&quot;classic&quot;}\">\n\t\t\t\t\t\t\t<div class=\"elementor-background-overlay\"><\/div>\n\t\t\t\t\t\t\t<div class=\"elementor-container elementor-column-gap-default\">\n\t\t\t\t\t<div class=\"elementor-column elementor-col-100 elementor-top-column elementor-element elementor-element-a36441f\" data-id=\"a36441f\" data-element_type=\"column\" data-e-type=\"column\">\n\t\t\t<div class=\"elementor-widget-wrap elementor-element-populated\">\n\t\t\t\t\t\t<div class=\"elementor-element elementor-element-f1076fb elementor-widget elementor-widget-heading\" data-id=\"f1076fb\" data-element_type=\"widget\" data-e-type=\"widget\" data-widget_type=\"heading.default\">\n\t\t\t\t<div class=\"elementor-widget-container\">\n\t\t\t\t\t<h2 class=\"elementor-heading-title elementor-size-default\">Sch\u00fcler &amp; Jugend<\/h2>\t\t\t\t<\/div>\n\t\t\t\t<\/div>\n\t\t\t\t\t<\/div>\n\t\t<\/div>\n\t\t\t\t\t<\/div>\n\t\t<\/section>\n\t\t\t\t<section class=\"elementor-section elementor-top-section elementor-element elementor-element-53d69da elementor-section-boxed elementor-section-height-default elementor-section-height-default\" data-id=\"53d69da\" data-element_type=\"section\" data-e-type=\"section\">\n\t\t\t\t\t\t<div class=\"elementor-container elementor-column-gap-default\">\n\t\t\t\t\t<div class=\"elementor-column elementor-col-100 elementor-top-column elementor-element elementor-element-f297cc4\" data-id=\"f297cc4\" data-element_type=\"column\" data-e-type=\"column\">\n\t\t\t<div class=\"elementor-widget-wrap elementor-element-populated\">\n\t\t\t\t\t\t<div class=\"elementor-element elementor-element-0b43ffd elementor-widget elementor-widget-text-editor\" data-id=\"0b43ffd\" data-element_type=\"widget\" data-e-type=\"widget\" data-widget_type=\"text-editor.default\">\n\t\t\t\t<div class=\"elementor-widget-container\">\n\t\t\t\t\t\t\t\t\t<p>F\u00fcr Kinder zwischen 5-9 Jahren haben wir eine Kiddy-Trainingsgruppe. Hier steht vor allem der Spa\u00df und die Freude an Bewegung im Vordergrund. Unsere Trainer schulen auf spielerischerweise die Koordinations- und Konzentrationsf\u00e4higkeit. Neben der sportlichen Komponente ist es uns besonders wichtig, dass die Kinder eine gesunde Mentalit\u00e4t zum Sport entwickeln und gemeinsam ein Team bilden. Hier werden die Grundlagen f\u00fcr das sp\u00e4tere Training gelegt.<\/p><p>Im Moment gibt es zwei leistungsorientierte Trainingsgruppen f\u00fcr Kinder im Alter zwischen 12-16 Jahren. Neben der badminton-technischen Ausbildung nimmt auch das Athletiktraining einen wichtigen Platz ein. Wir verfolgen dabei das Ziel an Wettbewerben teilzunehmen. F\u00fcr besonders motivierte und talentierte Kinder ist eine Nominierung f\u00fcr das St\u00fctzpunkttraining m\u00f6glich. Der ESV M\u00fcnchen ist Tr\u00e4ger eines Level 3 Talentst\u00fctzpunktes (siehe <a href=\"https:\/\/badminton-bbv.de\/leistungssport\/victor-bbv-stuetzpunkte\/\" target=\"_blank\" rel=\"noopener\">BBV<\/a>).<\/p><p>\u00a0<\/p>\t\t\t\t\t\t\t\t<\/div>\n\t\t\t\t<\/div>\n\t\t\t\t<div class=\"elementor-element elementor-element-b3f8013 elementor-widget elementor-widget-image\" data-id=\"b3f8013\" data-element_type=\"widget\" data-e-type=\"widget\" data-widget_type=\"image.default\">\n\t\t\t\t<div class=\"elementor-widget-container\">\n\t\t\t\t\t\t\t\t\t\t\t\t\t\t\t<img decoding=\"async\" src=\"https:\/\/esv-muenchen-badminton.de\/wp-content\/uploads\/elementor\/thumbs\/Level-3-ESV-Muenchen-qzoemu0oti9qts0dy3frib60xgu97dt3oohycfif00.png\" title=\"Level 3 ESV M\u00fcnchen\" alt=\"Level 3 ESV M\u00fcnchen\" loading=\"lazy\" \/>\t\t\t\t\t\t\t\t\t\t\t\t\t\t\t<\/div>\n\t\t\t\t<\/div>\n\t\t\t\t<div class=\"elementor-element elementor-element-5320ec4 elementor-widget elementor-widget-text-editor\" data-id=\"5320ec4\" data-element_type=\"widget\" data-e-type=\"widget\" data-widget_type=\"text-editor.default\">\n\t\t\t\t<div class=\"elementor-widget-container\">\n\t\t\t\t\t\t\t\t\t<p>\u00a0<\/p><p>Wir wollen immer besser werden! Daher freuen wir uns besonders auf motivierte Kinder, die regelm\u00e4\u00dfig ins Training kommen, um zusammen als Gruppe zu wachsen!<\/p>\t\t\t\t\t\t\t\t<\/div>\n\t\t\t\t<\/div>\n\t\t\t\t\t<\/div>\n\t\t<\/div>\n\t\t\t\t\t<\/div>\n\t\t<\/section>\n\t\t\t\t<section class=\"elementor-section elementor-top-section elementor-element elementor-element-d496f29 elementor-section-boxed elementor-section-height-default elementor-section-height-default\" data-id=\"d496f29\" data-element_type=\"section\" data-e-type=\"section\">\n\t\t\t\t\t\t<div class=\"elementor-container elementor-column-gap-default\">\n\t\t\t\t\t<div class=\"elementor-column elementor-col-100 elementor-top-column elementor-element elementor-element-5be9912\" data-id=\"5be9912\" data-element_type=\"column\" data-e-type=\"column\">\n\t\t\t<div class=\"elementor-widget-wrap elementor-element-populated\">\n\t\t\t\t\t\t<div class=\"elementor-element elementor-element-1443233 elementor-arrows-position-inside elementor-pagination-position-outside elementor-widget elementor-widget-image-carousel\" data-id=\"1443233\" data-element_type=\"widget\" data-e-type=\"widget\" data-settings=\"{&quot;slides_to_show&quot;:&quot;1&quot;,&quot;autoplay_speed&quot;:6000,&quot;navigation&quot;:&quot;both&quot;,&quot;autoplay&quot;:&quot;yes&quot;,&quot;pause_on_hover&quot;:&quot;yes&quot;,&quot;pause_on_interaction&quot;:&quot;yes&quot;,&quot;infinite&quot;:&quot;yes&quot;,&quot;effect&quot;:&quot;slide&quot;,&quot;speed&quot;:500}\" data-widget_type=\"image-carousel.default\">\n\t\t\t\t<div class=\"elementor-widget-container\">\n\t\t\t\t\t\t\t<div class=\"elementor-image-carousel-wrapper swiper\" role=\"region\" aria-roledescription=\"carousel\" aria-label=\"Bild Karussell\" dir=\"ltr\">\n\t\t\t<div class=\"elementor-image-carousel swiper-wrapper\" aria-live=\"off\">\n\t\t\t\t\t\t\t\t<div class=\"swiper-slide\" role=\"group\" aria-roledescription=\"slide\" aria-label=\"1 of 3\" data-no-translation-aria-label=\"\"><figure class=\"swiper-slide-inner\"><img decoding=\"async\" class=\"swiper-slide-image\" src=\"https:\/\/esv-muenchen-badminton.de\/wp-content\/uploads\/2024\/12\/Dennis.jpg\" alt=\"Dennis\" \/><\/figure><\/div><div class=\"swiper-slide\" role=\"group\" aria-roledescription=\"slide\" aria-label=\"2 of 3\" data-no-translation-aria-label=\"\"><figure class=\"swiper-slide-inner\"><img decoding=\"async\" class=\"swiper-slide-image\" src=\"https:\/\/esv-muenchen-badminton.de\/wp-content\/uploads\/2024\/12\/bowen.jpg\" alt=\"bowen\" \/><\/figure><\/div><div class=\"swiper-slide\" role=\"group\" aria-roledescription=\"slide\" aria-label=\"3 of 3\" data-no-translation-aria-label=\"\"><figure class=\"swiper-slide-inner\"><img decoding=\"async\" class=\"swiper-slide-image\" src=\"https:\/\/esv-muenchen-badminton.de\/wp-content\/uploads\/2024\/12\/yoyo.jpg\" alt=\"yoyo\" \/><\/figure><\/div>\t\t\t<\/div>\n\t\t\t\t\t\t\t\t\t\t\t\t<div class=\"elementor-swiper-button elementor-swiper-button-prev\" role=\"button\" tabindex=\"0\">\n\t\t\t\t\t\t<i aria-hidden=\"true\" class=\"eicon-chevron-left\"><\/i>\t\t\t\t\t<\/div>\n\t\t\t\t\t<div class=\"elementor-swiper-button elementor-swiper-button-next\" role=\"button\" tabindex=\"0\">\n\t\t\t\t\t\t<i aria-hidden=\"true\" class=\"eicon-chevron-right\"><\/i>\t\t\t\t\t<\/div>\n\t\t\t\t\n\t\t\t\t\t\t\t\t\t<div class=\"swiper-pagination\"><\/div>\n\t\t\t\t\t\t\t\t\t<\/div>\n\t\t\t\t\t\t<\/div>\n\t\t\t\t<\/div>\n\t\t\t\t\t<\/div>\n\t\t<\/div>\n\t\t\t\t\t<\/div>\n\t\t<\/section>\n\t\t\t\t<section class=\"elementor-section elementor-top-section elementor-element elementor-element-ebe84f6 elementor-section-boxed elementor-section-height-default elementor-section-height-default\" data-id=\"ebe84f6\" data-element_type=\"section\" data-e-type=\"section\">\n\t\t\t\t\t\t<div class=\"elementor-container elementor-column-gap-default\">\n\t\t\t\t\t<div class=\"elementor-column elementor-col-100 elementor-top-column elementor-element elementor-element-793770e\" data-id=\"793770e\" data-element_type=\"column\" data-e-type=\"column\">\n\t\t\t<div class=\"elementor-widget-wrap\">\n\t\t\t\t\t\t\t<\/div>\n\t\t<\/div>\n\t\t\t\t\t<\/div>\n\t\t<\/section>\n\t\t\t\t<\/div>","protected":false},"excerpt":{"rendered":"<p>Sch\u00fcler &amp; Jugend F\u00fcr Kinder zwischen 5-9 Jahren haben wir eine Kiddy-Trainingsgruppe. Hier steht vor allem der Spa\u00df und die Freude an Bewegung im Vordergrund. Unsere Trainer schulen auf spielerischerweise die Koordinations- und Konzentrationsf\u00e4higkeit. Neben der sportlichen Komponente ist es uns besonders wichtig, dass die Kinder eine gesunde Mentalit\u00e4t zum Sport entwickeln und gemeinsam ein [&hellip;]<\/p>\n","protected":false},"author":6,"featured_media":0,"parent":0,"menu_order":0,"comment_status":"closed","ping_status":"closed","template":"elementor_header_footer","meta":{"footnotes":""},"class_list":["post-7243","page","type-page","status-publish","hentry"],"_links":{"self":[{"href":"https:\/\/esv-muenchen-badminton.de\/en\/wp-json\/wp\/v2\/pages\/7243","targetHints":{"allow":["GET"]}}],"collection":[{"href":"https:\/\/esv-muenchen-badminton.de\/en\/wp-json\/wp\/v2\/pages"}],"about":[{"href":"https:\/\/esv-muenchen-badminton.de\/en\/wp-json\/wp\/v2\/types\/page"}],"author":[{"embeddable":true,"href":"https:\/\/esv-muenchen-badminton.de\/en\/wp-json\/wp\/v2\/users\/6"}],"replies":[{"embeddable":true,"href":"https:\/\/esv-muenchen-badminton.de\/en\/wp-json\/wp\/v2\/comments?post=7243"}],"version-history":[{"count":121,"href":"https:\/\/esv-muenchen-badminton.de\/en\/wp-json\/wp\/v2\/pages\/7243\/revisions"}],"predecessor-version":[{"id":8738,"href":"https:\/\/esv-muenchen-badminton.de\/en\/wp-json\/wp\/v2\/pages\/7243\/revisions\/8738"}],"wp:attachment":[{"href":"https:\/\/esv-muenchen-badminton.de\/en\/wp-json\/wp\/v2\/media?parent=7243"}],"curies":[{"name":"wp","href":"https:\/\/api.w.org\/{rel}","templated":true}]}}