{"id":5295,"date":"2021-06-24T15:24:40","date_gmt":"2021-06-24T15:24:40","guid":{"rendered":"https:\/\/esv-muenchen2.client.nnwk.io\/?page_id=5295"},"modified":"2025-07-14T08:38:23","modified_gmt":"2025-07-14T08:38:23","slug":"behinderten-sport","status":"publish","type":"page","link":"https:\/\/esv-muenchen-badminton.de\/en\/behinderten-sport\/","title":{"rendered":"Disabled Sports"},"content":{"rendered":"<style>.elementor-5295 .elementor-element.elementor-element-37b36269:not(.elementor-motion-effects-element-type-background), .elementor-5295 .elementor-element.elementor-element-37b36269 > .elementor-motion-effects-container > .elementor-motion-effects-layer{background-image:url(\"https:\/\/esv-muenchen-badminton.de\/wp-content\/uploads\/2021\/07\/image00029-scaled.jpeg\");background-position:0px 86%;background-repeat:no-repeat;background-size:cover;}.elementor-5295 .elementor-element.elementor-element-37b36269 > .elementor-background-overlay{background-color:transparent;background-image:linear-gradient(130deg, #000000 49%, #0D1301D1 34%);opacity:0.65;transition:background 0.3s, border-radius 0.3s, opacity 0.3s;}.elementor-5295 .elementor-element.elementor-element-37b36269{transition:background 0.3s, border 0.3s, border-radius 0.3s, box-shadow 0.3s;padding:200px 0px 140px 0px;z-index:0;}.elementor-5295 .elementor-element.elementor-element-4eb70465{text-align:center;}.elementor-5295 .elementor-element.elementor-element-4eb70465 .elementor-heading-title{font-family:\"Oswald\", Sans-serif;font-size:40px;font-weight:600;text-transform:uppercase;font-style:italic;line-height:1.2em;letter-spacing:1.3px;color:#FFFFFF;}.elementor-5295 .elementor-element.elementor-element-702f375f{transition:background 0.3s, border 0.3s, border-radius 0.3s, box-shadow 0.3s;padding:100px 0px 100px 0px;}.elementor-5295 .elementor-element.elementor-element-702f375f > .elementor-background-overlay{transition:background 0.3s, border-radius 0.3s, opacity 0.3s;}.elementor-5295 .elementor-element.elementor-element-f32fb25{font-family:\"Heebo\", Sans-serif;font-size:16px;}@media(max-width:1024px){.elementor-5295 .elementor-element.elementor-element-37b36269:not(.elementor-motion-effects-element-type-background), .elementor-5295 .elementor-element.elementor-element-37b36269 > .elementor-motion-effects-container > .elementor-motion-effects-layer{background-position:center center;}.elementor-5295 .elementor-element.elementor-element-37b36269{margin-top:0px;margin-bottom:0px;padding:210px 0px 140px 0px;}.elementor-5295 .elementor-element.elementor-element-702f375f{padding:80px 10px 80px 10px;}}@media(max-width:767px){.elementor-5295 .elementor-element.elementor-element-37b36269{margin-top:0px;margin-bottom:0px;padding:152px 10px 80px 10px;}.elementor-5295 .elementor-element.elementor-element-4eb70465 .elementor-heading-title{font-size:24px;}.elementor-5295 .elementor-element.elementor-element-702f375f{padding:40px 10px 40px 10px;}}<\/style>\t\t<div data-elementor-type=\"wp-page\" data-elementor-id=\"5295\" class=\"elementor elementor-5295\" data-elementor-post-type=\"page\">\n\t\t\t\t\t\t<section class=\"elementor-section elementor-top-section elementor-element elementor-element-37b36269 elementor-section-boxed elementor-section-height-default elementor-section-height-default\" data-id=\"37b36269\" data-element_type=\"section\" data-e-type=\"section\" data-settings=\"{&quot;background_background&quot;:&quot;classic&quot;}\">\n\t\t\t\t\t\t\t<div class=\"elementor-background-overlay\"><\/div>\n\t\t\t\t\t\t\t<div class=\"elementor-container elementor-column-gap-default\">\n\t\t\t\t\t<div class=\"elementor-column elementor-col-100 elementor-top-column elementor-element elementor-element-1d09939\" data-id=\"1d09939\" data-element_type=\"column\" data-e-type=\"column\">\n\t\t\t<div class=\"elementor-widget-wrap elementor-element-populated\">\n\t\t\t\t\t\t<div class=\"elementor-element elementor-element-4eb70465 elementor-widget elementor-widget-heading\" data-id=\"4eb70465\" data-element_type=\"widget\" data-e-type=\"widget\" data-widget_type=\"heading.default\">\n\t\t\t\t<div class=\"elementor-widget-container\">\n\t\t\t\t\t<h2 class=\"elementor-heading-title elementor-size-default\">Behinderten Sport<\/h2>\t\t\t\t<\/div>\n\t\t\t\t<\/div>\n\t\t\t\t\t<\/div>\n\t\t<\/div>\n\t\t\t\t\t<\/div>\n\t\t<\/section>\n\t\t\t\t<section class=\"elementor-section elementor-top-section elementor-element elementor-element-702f375f elementor-section-boxed elementor-section-height-default elementor-section-height-default\" data-id=\"702f375f\" data-element_type=\"section\" data-e-type=\"section\" data-settings=\"{&quot;background_background&quot;:&quot;classic&quot;}\">\n\t\t\t\t\t\t<div class=\"elementor-container elementor-column-gap-default\">\n\t\t\t\t\t<div class=\"elementor-column elementor-col-100 elementor-top-column elementor-element elementor-element-12512e2\" data-id=\"12512e2\" data-element_type=\"column\" data-e-type=\"column\">\n\t\t\t<div class=\"elementor-widget-wrap elementor-element-populated\">\n\t\t\t\t\t\t<div class=\"elementor-element elementor-element-f32fb25 elementor-widget elementor-widget-text-editor\" data-id=\"f32fb25\" data-element_type=\"widget\" data-e-type=\"widget\" data-widget_type=\"text-editor.default\">\n\t\t\t\t<div class=\"elementor-widget-container\">\n\t\t\t\t\t\t\t\t\t<p>Wir haben seit 2 Jahren mit gro\u00dfem Erfolg den Para-Badmintonbereich mit zwei Special Olympics Athleten im Erwachsenenbereich getestet. Wir wollen diesen spannenden Bereich des Badmintons ebenfalls in unser Angebot aufnehmen.<\/p><p>Eine \u00e4rztliche Sporttauglichkeitsbescheinigung wird vorher ben\u00f6tigt, weil bei bestimmte Behinderungen das Aus\u00fcben des Badmintonsports nicht ratsam ist.<\/p><p>F\u00fcr Rollstuhlfahrer ist ein geeigneter Sportrollstuhl mit Kippsicherungen n\u00f6tig, womit ein Kippen des Rollstuhls ausgeschlossen ist. Zudem sollte der Sportler mithilfe von Gurten an den Rollstuhl gesichert werden. Wir k\u00f6nnen bis zu <strong>acht Sportrollst\u00fchle<\/strong>\u00a0 <strong>kostenlos an die Teilnehmer des Trainings verleihen.<\/strong><\/p><p>Spielzeiten und Schnuppertrainingsm\u00f6glichkeiten sind nach Absprache immer am <strong>Mittwoch\u00a0von 20:00 &#8211; 21:00 Uhr <\/strong>m\u00f6glich.<\/p><p>Anfragen zu Parabadminton bitte an info[AT]esv-muenchen-badminton.de<\/p>\t\t\t\t\t\t\t\t<\/div>\n\t\t\t\t<\/div>\n\t\t\t\t\t<\/div>\n\t\t<\/div>\n\t\t\t\t\t<\/div>\n\t\t<\/section>\n\t\t\t\t<\/div>\n\t\t","protected":false},"excerpt":{"rendered":"<p>Behinderten Sport Wir haben seit 2 Jahren mit gro\u00dfem Erfolg den Para-Badmintonbereich mit zwei Special Olympics Athleten im Erwachsenenbereich getestet. Wir wollen diesen spannenden Bereich des Badmintons ebenfalls in unser Angebot aufnehmen. Eine \u00e4rztliche Sporttauglichkeitsbescheinigung wird vorher ben\u00f6tigt, weil bei bestimmte Behinderungen das Aus\u00fcben des Badmintonsports nicht ratsam ist. F\u00fcr Rollstuhlfahrer ist ein geeigneter Sportrollstuhl [&hellip;]<\/p>\n","protected":false},"author":1,"featured_media":0,"parent":0,"menu_order":0,"comment_status":"closed","ping_status":"closed","template":"elementor_header_footer","meta":{"footnotes":""},"class_list":["post-5295","page","type-page","status-publish","hentry"],"_links":{"self":[{"href":"https:\/\/esv-muenchen-badminton.de\/en\/wp-json\/wp\/v2\/pages\/5295","targetHints":{"allow":["GET"]}}],"collection":[{"href":"https:\/\/esv-muenchen-badminton.de\/en\/wp-json\/wp\/v2\/pages"}],"about":[{"href":"https:\/\/esv-muenchen-badminton.de\/en\/wp-json\/wp\/v2\/types\/page"}],"author":[{"embeddable":true,"href":"https:\/\/esv-muenchen-badminton.de\/en\/wp-json\/wp\/v2\/users\/1"}],"replies":[{"embeddable":true,"href":"https:\/\/esv-muenchen-badminton.de\/en\/wp-json\/wp\/v2\/comments?post=5295"}],"version-history":[{"count":37,"href":"https:\/\/esv-muenchen-badminton.de\/en\/wp-json\/wp\/v2\/pages\/5295\/revisions"}],"predecessor-version":[{"id":8931,"href":"https:\/\/esv-muenchen-badminton.de\/en\/wp-json\/wp\/v2\/pages\/5295\/revisions\/8931"}],"wp:attachment":[{"href":"https:\/\/esv-muenchen-badminton.de\/en\/wp-json\/wp\/v2\/media?parent=5295"}],"curies":[{"name":"wp","href":"https:\/\/api.w.org\/{rel}","templated":true}]}}