{"id":5289,"date":"2021-06-24T15:20:22","date_gmt":"2021-06-24T15:20:22","guid":{"rendered":"https:\/\/esv-muenchen2.client.nnwk.io\/?page_id=5289"},"modified":"2025-07-04T15:00:30","modified_gmt":"2025-07-04T15:00:30","slug":"freizeitler","status":"publish","type":"page","link":"https:\/\/esv-muenchen-badminton.de\/en\/freizeitler\/","title":{"rendered":"Hobby Players"},"content":{"rendered":"<style>.elementor-5289 .elementor-element.elementor-element-3d8bfd6a:not(.elementor-motion-effects-element-type-background), .elementor-5289 .elementor-element.elementor-element-3d8bfd6a > .elementor-motion-effects-container > .elementor-motion-effects-layer{background-image:url(\"https:\/\/esv-muenchen-badminton.de\/wp-content\/uploads\/2020\/06\/ESV_Turnier_2016_04_20_DSC8848_-800x500-1.jpeg\");background-position:0px 33%;background-repeat:no-repeat;background-size:cover;}.elementor-5289 .elementor-element.elementor-element-3d8bfd6a > .elementor-background-overlay{background-color:transparent;background-image:linear-gradient(130deg, #000000 49%, #0D1301D1 34%);opacity:0.65;transition:background 0.3s, border-radius 0.3s, opacity 0.3s;}.elementor-5289 .elementor-element.elementor-element-3d8bfd6a{transition:background 0.3s, border 0.3s, border-radius 0.3s, box-shadow 0.3s;padding:200px 0px 140px 0px;z-index:0;}.elementor-5289 .elementor-element.elementor-element-6d32b0ce{text-align:center;}.elementor-5289 .elementor-element.elementor-element-6d32b0ce .elementor-heading-title{font-family:\"Oswald\", Sans-serif;font-size:40px;font-weight:600;text-transform:uppercase;font-style:italic;line-height:1.2em;letter-spacing:1.3px;color:#FFFFFF;}.elementor-5289 .elementor-element.elementor-element-7ea9e16f{transition:background 0.3s, border 0.3s, border-radius 0.3s, box-shadow 0.3s;padding:100px 0px 100px 0px;}.elementor-5289 .elementor-element.elementor-element-7ea9e16f > .elementor-background-overlay{transition:background 0.3s, border-radius 0.3s, opacity 0.3s;}.elementor-5289 .elementor-element.elementor-element-485ba6f{font-family:\"Heebo\", Sans-serif;font-size:16px;}@media(max-width:1024px){.elementor-5289 .elementor-element.elementor-element-3d8bfd6a:not(.elementor-motion-effects-element-type-background), .elementor-5289 .elementor-element.elementor-element-3d8bfd6a > .elementor-motion-effects-container > .elementor-motion-effects-layer{background-position:center center;}.elementor-5289 .elementor-element.elementor-element-3d8bfd6a{margin-top:0px;margin-bottom:0px;padding:210px 0px 140px 0px;}.elementor-5289 .elementor-element.elementor-element-7ea9e16f{padding:80px 10px 80px 10px;}}@media(max-width:767px){.elementor-5289 .elementor-element.elementor-element-3d8bfd6a{margin-top:0px;margin-bottom:0px;padding:152px 10px 80px 10px;}.elementor-5289 .elementor-element.elementor-element-6d32b0ce .elementor-heading-title{font-size:24px;}.elementor-5289 .elementor-element.elementor-element-7ea9e16f{padding:40px 10px 40px 10px;}}<\/style>\t\t<div data-elementor-type=\"wp-page\" data-elementor-id=\"5289\" class=\"elementor elementor-5289\" data-elementor-post-type=\"page\">\n\t\t\t\t\t\t<section class=\"elementor-section elementor-top-section elementor-element elementor-element-3d8bfd6a elementor-section-boxed elementor-section-height-default elementor-section-height-default\" data-id=\"3d8bfd6a\" data-element_type=\"section\" data-e-type=\"section\" data-settings=\"{&quot;background_background&quot;:&quot;classic&quot;}\">\n\t\t\t\t\t\t\t<div class=\"elementor-background-overlay\"><\/div>\n\t\t\t\t\t\t\t<div class=\"elementor-container elementor-column-gap-default\">\n\t\t\t\t\t<div class=\"elementor-column elementor-col-100 elementor-top-column elementor-element elementor-element-1866cd18\" data-id=\"1866cd18\" data-element_type=\"column\" data-e-type=\"column\">\n\t\t\t<div class=\"elementor-widget-wrap elementor-element-populated\">\n\t\t\t\t\t\t<div class=\"elementor-element elementor-element-6d32b0ce elementor-widget elementor-widget-heading\" data-id=\"6d32b0ce\" data-element_type=\"widget\" data-e-type=\"widget\" data-widget_type=\"heading.default\">\n\t\t\t\t<div class=\"elementor-widget-container\">\n\t\t\t\t\t<h2 class=\"elementor-heading-title elementor-size-default\">Breitensport<\/h2>\t\t\t\t<\/div>\n\t\t\t\t<\/div>\n\t\t\t\t\t<\/div>\n\t\t<\/div>\n\t\t\t\t\t<\/div>\n\t\t<\/section>\n\t\t\t\t<section class=\"elementor-section elementor-top-section elementor-element elementor-element-7ea9e16f elementor-section-boxed elementor-section-height-default elementor-section-height-default\" data-id=\"7ea9e16f\" data-element_type=\"section\" data-e-type=\"section\" data-settings=\"{&quot;background_background&quot;:&quot;classic&quot;}\">\n\t\t\t\t\t\t<div class=\"elementor-container elementor-column-gap-default\">\n\t\t\t\t\t<div class=\"elementor-column elementor-col-100 elementor-top-column elementor-element elementor-element-0127ebf\" data-id=\"0127ebf\" data-element_type=\"column\" data-e-type=\"column\">\n\t\t\t<div class=\"elementor-widget-wrap elementor-element-populated\">\n\t\t\t\t\t\t<div class=\"elementor-element elementor-element-485ba6f elementor-widget elementor-widget-text-editor\" data-id=\"485ba6f\" data-element_type=\"widget\" data-e-type=\"widget\" data-widget_type=\"text-editor.default\">\n\t\t\t\t<div class=\"elementor-widget-container\">\n\t\t\t\t\t\t\t\t\t<p><strong>F\u00fcr Anf\u00e4nger bieten wir am Mittwoch Training von 20:00\u00a0<\/strong><strong>Uhr<\/strong><strong> &#8211; 21:30 Uhr an. Unsere Trainer bringen euch in entspannter Atmosph\u00e4re die Basics bei und machen euch mit anderen Spieler bekannt.\u00a0<\/strong><\/p><p><strong>Fortgeschrittenes Breitensporttraining wird am Dienstag angeboten. Im Moment immer in der 1. und 3. Woche des Monats von <\/strong><strong>20:00\u00a0<\/strong><strong>Uhr<\/strong><strong> &#8211; 21:30 Uhr<\/strong><strong>. Wir behandeln hier bestimmte Themen ein wenig ausf\u00fchrlicher und arbeiten an Details. Auch hier steht nat\u00fcrlich weiterhin der Spa\u00df und die Freude am Training im Vordergrund.<br \/><\/strong><\/p><p><strong>Wer frei spielen m\u00f6chte ist nat\u00fcrlich auch herzlich willkommen. Freies Spiel is zu all unseren Spielzeiten m\u00f6glich.<\/strong><\/p><p>Wir wollen allen Hobbyspielern die M\u00f6glichkeit geben im entspannten Rahmen Badminton zu spielen. Bei Interesse k\u00f6nnt ihr euch gerne beim Schnuppertraining anmelden. Unsere Trainer Thomas, Naveen und Andi betreuen die Breitensportler.<\/p>\t\t\t\t\t\t\t\t<\/div>\n\t\t\t\t<\/div>\n\t\t\t\t\t<\/div>\n\t\t<\/div>\n\t\t\t\t\t<\/div>\n\t\t<\/section>\n\t\t\t\t<\/div>","protected":false},"excerpt":{"rendered":"<p>Breitensport F\u00fcr Anf\u00e4nger bieten wir am Mittwoch Training von 20:00\u00a0Uhr &#8211; 21:30 Uhr an. Unsere Trainer bringen euch in entspannter Atmosph\u00e4re die Basics bei und machen euch mit anderen Spieler bekannt.\u00a0 Fortgeschrittenes Breitensporttraining wird am Dienstag angeboten. Im Moment immer in der 1. und 3. Woche des Monats von 20:00\u00a0Uhr &#8211; 21:30 Uhr. Wir behandeln [&hellip;]<\/p>\n","protected":false},"author":1,"featured_media":0,"parent":0,"menu_order":0,"comment_status":"closed","ping_status":"closed","template":"elementor_header_footer","meta":{"footnotes":""},"class_list":["post-5289","page","type-page","status-publish","hentry"],"_links":{"self":[{"href":"https:\/\/esv-muenchen-badminton.de\/en\/wp-json\/wp\/v2\/pages\/5289","targetHints":{"allow":["GET"]}}],"collection":[{"href":"https:\/\/esv-muenchen-badminton.de\/en\/wp-json\/wp\/v2\/pages"}],"about":[{"href":"https:\/\/esv-muenchen-badminton.de\/en\/wp-json\/wp\/v2\/types\/page"}],"author":[{"embeddable":true,"href":"https:\/\/esv-muenchen-badminton.de\/en\/wp-json\/wp\/v2\/users\/1"}],"replies":[{"embeddable":true,"href":"https:\/\/esv-muenchen-badminton.de\/en\/wp-json\/wp\/v2\/comments?post=5289"}],"version-history":[{"count":61,"href":"https:\/\/esv-muenchen-badminton.de\/en\/wp-json\/wp\/v2\/pages\/5289\/revisions"}],"predecessor-version":[{"id":8911,"href":"https:\/\/esv-muenchen-badminton.de\/en\/wp-json\/wp\/v2\/pages\/5289\/revisions\/8911"}],"wp:attachment":[{"href":"https:\/\/esv-muenchen-badminton.de\/en\/wp-json\/wp\/v2\/media?parent=5289"}],"curies":[{"name":"wp","href":"https:\/\/api.w.org\/{rel}","templated":true}]}}