{"id":5268,"date":"2021-06-24T14:55:54","date_gmt":"2021-06-24T14:55:54","guid":{"rendered":"https:\/\/esv-muenchen2.client.nnwk.io\/?page_id=5268"},"modified":"2025-10-30T12:53:38","modified_gmt":"2025-10-30T12:53:38","slug":"trainingszeiten","status":"publish","type":"page","link":"https:\/\/esv-muenchen-badminton.de\/en\/trainingszeiten\/","title":{"rendered":"Schedule"},"content":{"rendered":"<style>.elementor-5268 .elementor-element.elementor-element-52c99833:not(.elementor-motion-effects-element-type-background), .elementor-5268 .elementor-element.elementor-element-52c99833 > .elementor-motion-effects-container > .elementor-motion-effects-layer{background-image:url(\"https:\/\/esv-muenchen-badminton.de\/wp-content\/uploads\/2022\/07\/IMG-20200618-WA0012.jpg\");background-position:0px 52%;background-repeat:no-repeat;background-size:cover;}.elementor-5268 .elementor-element.elementor-element-52c99833 > .elementor-background-overlay{background-color:transparent;background-image:linear-gradient(130deg, #000000 49%, #0D1301D1 34%);opacity:0.65;transition:background 0.3s, border-radius 0.3s, opacity 0.3s;}.elementor-5268 .elementor-element.elementor-element-52c99833{transition:background 0.3s, border 0.3s, border-radius 0.3s, box-shadow 0.3s;padding:206px 0px 140px 0px;z-index:0;}.elementor-5268 .elementor-element.elementor-element-74bd4db4{text-align:center;}.elementor-5268 .elementor-element.elementor-element-74bd4db4 .elementor-heading-title{font-family:var( --e-global-typography-secondary-font-family ), Sans-serif;font-size:var( --e-global-typography-secondary-font-size );font-weight:var( --e-global-typography-secondary-font-weight );text-transform:var( --e-global-typography-secondary-text-transform );font-style:var( --e-global-typography-secondary-font-style );line-height:var( --e-global-typography-secondary-line-height );letter-spacing:var( --e-global-typography-secondary-letter-spacing );color:#FFFFFF;}.elementor-5268 .elementor-element.elementor-element-0ae3f0b > .elementor-widget-container{margin:-30px 3px -51px 0px;padding:66px 66px 66px 66px;}.elementor-5268 .elementor-element.elementor-element-3a717c9 img{width:99%;}.elementor-5268 .elementor-element.elementor-element-9895342.elementor-position-right .elementor-image-box-img{margin-left:9px;}.elementor-5268 .elementor-element.elementor-element-9895342.elementor-position-left .elementor-image-box-img{margin-right:9px;}.elementor-5268 .elementor-element.elementor-element-9895342.elementor-position-top .elementor-image-box-img{margin-bottom:9px;}.elementor-5268 .elementor-element.elementor-element-9895342 .elementor-image-box-wrapper .elementor-image-box-img{width:5%;}.elementor-5268 .elementor-element.elementor-element-9895342 .elementor-image-box-img img{transition-duration:0.3s;}.elementor-5268 .elementor-element.elementor-element-9069354.elementor-position-right .elementor-image-box-img{margin-left:9px;}.elementor-5268 .elementor-element.elementor-element-9069354.elementor-position-left .elementor-image-box-img{margin-right:9px;}.elementor-5268 .elementor-element.elementor-element-9069354.elementor-position-top .elementor-image-box-img{margin-bottom:9px;}.elementor-5268 .elementor-element.elementor-element-9069354 .elementor-image-box-wrapper .elementor-image-box-img{width:5%;}.elementor-5268 .elementor-element.elementor-element-9069354 .elementor-image-box-img img{transition-duration:0.3s;}.elementor-5268 .elementor-element.elementor-element-6426f94 > .elementor-widget-container{margin:-30px 3px -51px 0px;padding:66px 66px 66px 66px;}@media(max-width:1024px){.elementor-5268 .elementor-element.elementor-element-52c99833:not(.elementor-motion-effects-element-type-background), .elementor-5268 .elementor-element.elementor-element-52c99833 > .elementor-motion-effects-container > .elementor-motion-effects-layer{background-position:center center;}.elementor-5268 .elementor-element.elementor-element-52c99833{margin-top:0px;margin-bottom:0px;padding:210px 0px 140px 0px;}.elementor-5268 .elementor-element.elementor-element-74bd4db4 .elementor-heading-title{font-size:var( --e-global-typography-secondary-font-size );line-height:var( --e-global-typography-secondary-line-height );letter-spacing:var( --e-global-typography-secondary-letter-spacing );}}@media(max-width:767px){.elementor-5268 .elementor-element.elementor-element-52c99833{margin-top:0px;margin-bottom:0px;padding:152px 10px 80px 10px;}.elementor-5268 .elementor-element.elementor-element-74bd4db4 .elementor-heading-title{font-size:var( --e-global-typography-secondary-font-size );line-height:var( --e-global-typography-secondary-line-height );letter-spacing:var( --e-global-typography-secondary-letter-spacing );}.elementor-5268 .elementor-element.elementor-element-9895342 .elementor-image-box-img{margin-bottom:9px;}.elementor-5268 .elementor-element.elementor-element-9069354 .elementor-image-box-img{margin-bottom:9px;}}<\/style>\t\t<div data-elementor-type=\"wp-page\" data-elementor-id=\"5268\" class=\"elementor elementor-5268\" data-elementor-post-type=\"page\">\n\t\t\t\t\t\t<section class=\"elementor-section elementor-top-section elementor-element elementor-element-52c99833 elementor-section-boxed elementor-section-height-default elementor-section-height-default\" data-id=\"52c99833\" data-element_type=\"section\" data-e-type=\"section\" data-settings=\"{&quot;background_background&quot;:&quot;classic&quot;}\">\n\t\t\t\t\t\t\t<div class=\"elementor-background-overlay\"><\/div>\n\t\t\t\t\t\t\t<div class=\"elementor-container elementor-column-gap-default\">\n\t\t\t\t\t<div class=\"elementor-column elementor-col-100 elementor-top-column elementor-element elementor-element-306c0f85\" data-id=\"306c0f85\" data-element_type=\"column\" data-e-type=\"column\">\n\t\t\t<div class=\"elementor-widget-wrap elementor-element-populated\">\n\t\t\t\t\t\t<div class=\"elementor-element elementor-element-74bd4db4 elementor-widget elementor-widget-heading\" data-id=\"74bd4db4\" data-element_type=\"widget\" data-e-type=\"widget\" data-widget_type=\"heading.default\">\n\t\t\t\t<div class=\"elementor-widget-container\">\n\t\t\t\t\t<h3 class=\"elementor-heading-title elementor-size-default\">Schedule<\/h3>\t\t\t\t<\/div>\n\t\t\t\t<\/div>\n\t\t\t\t\t<\/div>\n\t\t<\/div>\n\t\t\t\t\t<\/div>\n\t\t<\/section>\n\t\t\t\t<section class=\"elementor-section elementor-top-section elementor-element elementor-element-abe01c3 elementor-section-boxed elementor-section-height-default elementor-section-height-default\" data-id=\"abe01c3\" data-element_type=\"section\" data-e-type=\"section\">\n\t\t\t\t\t\t<div class=\"elementor-container elementor-column-gap-default\">\n\t\t\t\t\t<div class=\"elementor-column elementor-col-100 elementor-top-column elementor-element elementor-element-0933516\" data-id=\"0933516\" data-element_type=\"column\" data-e-type=\"column\">\n\t\t\t<div class=\"elementor-widget-wrap elementor-element-populated\">\n\t\t\t\t\t\t<div class=\"elementor-element elementor-element-0ae3f0b elementor-widget elementor-widget-text-editor\" data-id=\"0ae3f0b\" data-element_type=\"widget\" data-e-type=\"widget\" data-widget_type=\"text-editor.default\">\n\t\t\t\t<div class=\"elementor-widget-container\">\n\t\t\t\t\t\t\t\t\t<p><b>Achtung: Eine Teilnahme am Training ist nur mit vorheriger Anmeldung m\u00f6glich. Bitte hierf\u00fcr das <a href=\"https:\/\/esv-muenchen-badminton.de\/en\/schnuppertraining\/\" target=\"_blank\" rel=\"noopener\">Anmeldeformular <\/a>ausf\u00fcllen.<\/b><\/p>\t\t\t\t\t\t\t\t<\/div>\n\t\t\t\t<\/div>\n\t\t\t\t\t<\/div>\n\t\t<\/div>\n\t\t\t\t\t<\/div>\n\t\t<\/section>\n\t\t\t\t<section class=\"elementor-section elementor-top-section elementor-element elementor-element-4e1d3a2 elementor-section-boxed elementor-section-height-default elementor-section-height-default\" data-id=\"4e1d3a2\" data-element_type=\"section\" data-e-type=\"section\">\n\t\t\t\t\t\t<div class=\"elementor-container elementor-column-gap-default\">\n\t\t\t\t\t<div class=\"elementor-column elementor-col-100 elementor-top-column elementor-element elementor-element-08554bd\" data-id=\"08554bd\" data-element_type=\"column\" data-e-type=\"column\">\n\t\t\t<div class=\"elementor-widget-wrap elementor-element-populated\">\n\t\t\t\t\t\t<div class=\"elementor-element elementor-element-3a717c9 elementor-widget elementor-widget-image\" data-id=\"3a717c9\" data-element_type=\"widget\" data-e-type=\"widget\" data-widget_type=\"image.default\">\n\t\t\t\t<div class=\"elementor-widget-container\">\n\t\t\t\t\t\t\t\t\t\t\t\t\t\t\t<img fetchpriority=\"high\" decoding=\"async\" width=\"1410\" height=\"794\" src=\"https:\/\/esv-muenchen-badminton.de\/wp-content\/uploads\/2025\/10\/Screenshot-2025-10-30-112711.png\" class=\"attachment-2048x2048 size-2048x2048 wp-image-8976\" alt=\"\" srcset=\"https:\/\/esv-muenchen-badminton.de\/wp-content\/uploads\/2025\/10\/Screenshot-2025-10-30-112711.png 1410w, https:\/\/esv-muenchen-badminton.de\/wp-content\/uploads\/2025\/10\/Screenshot-2025-10-30-112711-300x169.png 300w, https:\/\/esv-muenchen-badminton.de\/wp-content\/uploads\/2025\/10\/Screenshot-2025-10-30-112711-1024x577.png 1024w, https:\/\/esv-muenchen-badminton.de\/wp-content\/uploads\/2025\/10\/Screenshot-2025-10-30-112711-768x432.png 768w, https:\/\/esv-muenchen-badminton.de\/wp-content\/uploads\/2025\/10\/Screenshot-2025-10-30-112711-18x10.png 18w, https:\/\/esv-muenchen-badminton.de\/wp-content\/uploads\/2025\/10\/Screenshot-2025-10-30-112711-1320x743.png 1320w\" sizes=\"(max-width: 1410px) 100vw, 1410px\" \/>\t\t\t\t\t\t\t\t\t\t\t\t\t\t\t<\/div>\n\t\t\t\t<\/div>\n\t\t\t\t<div class=\"elementor-element elementor-element-9895342 elementor-position-left elementor-vertical-align-top elementor-widget elementor-widget-image-box\" data-id=\"9895342\" data-element_type=\"widget\" data-e-type=\"widget\" data-widget_type=\"image-box.default\">\n\t\t\t\t<div class=\"elementor-widget-container\">\n\t\t\t\t\t<div class=\"elementor-image-box-wrapper\"><figure class=\"elementor-image-box-img\"><img decoding=\"async\" width=\"130\" height=\"90\" src=\"https:\/\/esv-muenchen-badminton.de\/wp-content\/uploads\/2021\/07\/Screenshot-2021-07-27-at-10.09.30.png\" class=\"attachment-thumbnail size-thumbnail wp-image-5573\" alt=\"\" srcset=\"https:\/\/esv-muenchen-badminton.de\/wp-content\/uploads\/2021\/07\/Screenshot-2021-07-27-at-10.09.30.png 130w, https:\/\/esv-muenchen-badminton.de\/wp-content\/uploads\/2021\/07\/Screenshot-2021-07-27-at-10.09.30-16x12.png 16w\" sizes=\"(max-width: 130px) 100vw, 130px\" \/><\/figure><div class=\"elementor-image-box-content\"><p class=\"elementor-image-box-description\">Margarethe-Danzi-Stra\u00dfe 21<\/p><\/div><\/div>\t\t\t\t<\/div>\n\t\t\t\t<\/div>\n\t\t\t\t<div class=\"elementor-element elementor-element-9069354 elementor-position-left elementor-vertical-align-top elementor-widget elementor-widget-image-box\" data-id=\"9069354\" data-element_type=\"widget\" data-e-type=\"widget\" data-widget_type=\"image-box.default\">\n\t\t\t\t<div class=\"elementor-widget-container\">\n\t\t\t\t\t<div class=\"elementor-image-box-wrapper\"><figure class=\"elementor-image-box-img\"><img decoding=\"async\" width=\"134\" height=\"80\" src=\"https:\/\/esv-muenchen-badminton.de\/wp-content\/uploads\/2021\/07\/Screenshot-2021-07-27-at-10.12.16.png\" class=\"attachment-thumbnail size-thumbnail wp-image-5574\" alt=\"\" srcset=\"https:\/\/esv-muenchen-badminton.de\/wp-content\/uploads\/2021\/07\/Screenshot-2021-07-27-at-10.12.16.png 134w, https:\/\/esv-muenchen-badminton.de\/wp-content\/uploads\/2021\/07\/Screenshot-2021-07-27-at-10.12.16-16x10.png 16w\" sizes=\"(max-width: 134px) 100vw, 134px\" \/><\/figure><div class=\"elementor-image-box-content\"><p class=\"elementor-image-box-description\">Hermine-von-Parish Stra\u00dfe 15<\/p><\/div><\/div>\t\t\t\t<\/div>\n\t\t\t\t<\/div>\n\t\t\t\t\t<\/div>\n\t\t<\/div>\n\t\t\t\t\t<\/div>\n\t\t<\/section>\n\t\t\t\t<section class=\"elementor-section elementor-top-section elementor-element elementor-element-4851e95 elementor-section-boxed elementor-section-height-default elementor-section-height-default\" data-id=\"4851e95\" data-element_type=\"section\" data-e-type=\"section\">\n\t\t\t\t\t\t<div class=\"elementor-container elementor-column-gap-default\">\n\t\t\t\t\t<div class=\"elementor-column elementor-col-100 elementor-top-column elementor-element elementor-element-30add9f\" data-id=\"30add9f\" data-element_type=\"column\" data-e-type=\"column\">\n\t\t\t<div class=\"elementor-widget-wrap elementor-element-populated\">\n\t\t\t\t\t\t<div class=\"elementor-element elementor-element-6426f94 elementor-widget elementor-widget-text-editor\" data-id=\"6426f94\" data-element_type=\"widget\" data-e-type=\"widget\" data-widget_type=\"text-editor.default\">\n\t\t\t\t<div class=\"elementor-widget-container\">\n\t\t\t\t\t\t\t\t\t<p><b>Unten angezeigt ist der offizielle Hallenbelegungsplan gem\u00e4\u00df ESV Hauptverein.<\/b><\/p>\t\t\t\t\t\t\t\t<\/div>\n\t\t\t\t<\/div>\n\t\t\t\t\t<\/div>\n\t\t<\/div>\n\t\t\t\t\t<\/div>\n\t\t<\/section>\n\t\t\t\t<section class=\"elementor-section elementor-top-section elementor-element elementor-element-2191d9b elementor-section-boxed elementor-section-height-default elementor-section-height-default\" data-id=\"2191d9b\" data-element_type=\"section\" data-e-type=\"section\">\n\t\t\t\t\t\t<div class=\"elementor-container elementor-column-gap-default\">\n\t\t\t\t\t<div class=\"elementor-column elementor-col-100 elementor-top-column elementor-element elementor-element-70da395\" data-id=\"70da395\" data-element_type=\"column\" data-e-type=\"column\">\n\t\t\t<div class=\"elementor-widget-wrap elementor-element-populated\">\n\t\t\t\t\t\t<div class=\"elementor-element elementor-element-b5c4b48 elementor-widget elementor-widget-text-editor\" data-id=\"b5c4b48\" data-element_type=\"widget\" data-e-type=\"widget\" data-widget_type=\"text-editor.default\">\n\t\t\t\t<div class=\"elementor-widget-container\">\n\t\t\t\t\t\t\t\t\t<script id=\"iframe-embed\" src=\"https:\/\/app.locaboo.com\/js\/iframe-platform.js\" data-src=\"https:\/\/booking.locaboo.com\/de\/esv-muenchen\/sporthallen-ansicht\"><\/script>\t\t\t\t\t\t\t\t<\/div>\n\t\t\t\t<\/div>\n\t\t\t\t\t<\/div>\n\t\t<\/div>\n\t\t\t\t\t<\/div>\n\t\t<\/section>\n\t\t\t\t<\/div>","protected":false},"excerpt":{"rendered":"<p>Trainingszeiten Achtung: Eine Teilnahme am Training ist nur mit vorheriger Anmeldung m\u00f6glich. Bitte hierf\u00fcr das Anmeldeformular ausf\u00fcllen. Margarethe-Danzi-Stra\u00dfe 21 Hermine-von-Parish Stra\u00dfe 15 Unten angezeigt ist der offizielle Hallenbelegungsplan gem\u00e4\u00df ESV Hauptverein.<\/p>","protected":false},"author":1,"featured_media":0,"parent":0,"menu_order":0,"comment_status":"closed","ping_status":"closed","template":"elementor_header_footer","meta":{"footnotes":""},"class_list":["post-5268","page","type-page","status-publish","hentry"],"_links":{"self":[{"href":"https:\/\/esv-muenchen-badminton.de\/en\/wp-json\/wp\/v2\/pages\/5268","targetHints":{"allow":["GET"]}}],"collection":[{"href":"https:\/\/esv-muenchen-badminton.de\/en\/wp-json\/wp\/v2\/pages"}],"about":[{"href":"https:\/\/esv-muenchen-badminton.de\/en\/wp-json\/wp\/v2\/types\/page"}],"author":[{"embeddable":true,"href":"https:\/\/esv-muenchen-badminton.de\/en\/wp-json\/wp\/v2\/users\/1"}],"replies":[{"embeddable":true,"href":"https:\/\/esv-muenchen-badminton.de\/en\/wp-json\/wp\/v2\/comments?post=5268"}],"version-history":[{"count":187,"href":"https:\/\/esv-muenchen-badminton.de\/en\/wp-json\/wp\/v2\/pages\/5268\/revisions"}],"predecessor-version":[{"id":8983,"href":"https:\/\/esv-muenchen-badminton.de\/en\/wp-json\/wp\/v2\/pages\/5268\/revisions\/8983"}],"wp:attachment":[{"href":"https:\/\/esv-muenchen-badminton.de\/en\/wp-json\/wp\/v2\/media?parent=5268"}],"curies":[{"name":"wp","href":"https:\/\/api.w.org\/{rel}","templated":true}]}}